{"id":4529,"date":"2023-05-12T06:10:59","date_gmt":"2023-05-12T05:10:59","guid":{"rendered":"https:\/\/flamifeel.com\/?page_id=4529"},"modified":"2023-05-12T06:23:26","modified_gmt":"2023-05-12T05:23:26","slug":"mode-de-paiement","status":"publish","type":"page","link":"https:\/\/flamifeel.com\/?page_id=4529","title":{"rendered":"Mode de paiement"},"content":{"rendered":"\n<p>Le site internet www.flamifeel.com est susceptible de proposer au Client de r\u00e9gler sa commande par diff\u00e9rents<\/p>\n\n\n\n<p>&nbsp;moyens de paiement au choix qui garantissent la s\u00e9curit\u00e9 des paiements :<\/p>\n\n\n\n<p>-Compte Paypal:payez en ligne en indiquant simplement votre adresse \u00e9lectronique et votre mot de passe<\/p>\n\n\n\n<p>-Carte bancaire:PayPal contribue \u00e0 prot\u00e9ger les informations concernant votre carte bancaire&nbsp;<\/p>\n\n\n\n<p>&nbsp;gr\u00e2ce aux meilleurs syst\u00e8mes pr\u00e9sents sur le march\u00e9 pour la s\u00e9curit\u00e9 et la pr\u00e9vention contre la fraude.<\/p>\n\n\n\n<p>&nbsp;Lorsque vous utilisez PayPal, vos informations financi\u00e8res ne sont jamais communiqu\u00e9es www.flamifeel.com<\/p>\n\n\n\n<p>&nbsp;Site web : https:\/\/www.paypal.com<\/p>\n\n\n\n<p>-Amazon pay: est un service qui vous permet de r\u00e9gler des produits et des services en utilisant<\/p>\n\n\n\n<p>&nbsp;les moyens de paiement d\u00e9j\u00e0 associ\u00e9s \u00e0 votre compte Amazon.&nbsp;<\/p>\n\n\n\n<p>&nbsp;Pour effectuer un paiement, vous pouvez utiliser l&#8217;un des moyens que vous avez configur\u00e9s pour votre compte Amazon.<\/p>\n\n\n\n<p>&nbsp;Vous pouvez m\u00eame vous sentir un peu plus en s\u00e9curit\u00e9 en sachant que vos achats \u00e9ligibles sont couverts par la garantie&nbsp;<\/p>\n\n\n\n<p>&nbsp;Amazon de A \u00e0 Z. (Amazon pay information)<\/p>\n","protected":false},"excerpt":{"rendered":"<p>Le site internet www.flamifeel.com est susceptible de proposer au Client de r\u00e9gler sa commande par diff\u00e9rents &nbsp;moyens de paiement au choix qui garantissent la s\u00e9curit\u00e9 des paiements : -Compte Paypal:payez en ligne en indiquant simplement votre adresse \u00e9lectronique et votre mot de passe -Carte bancaire:PayPal contribue \u00e0 prot\u00e9ger les informations concernant votre carte bancaire&nbsp; &nbsp;gr\u00e2ce [&hellip;]<\/p>\n","protected":false},"author":2,"featured_media":0,"parent":0,"menu_order":0,"comment_status":"closed","ping_status":"closed","template":"","meta":{"site-sidebar-layout":"default","site-content-layout":"","ast-site-content-layout":"","site-content-style":"default","site-sidebar-style":"default","ast-global-header-display":"","ast-banner-title-visibility":"","ast-main-header-display":"","ast-hfb-above-header-display":"","ast-hfb-below-header-display":"","ast-hfb-mobile-header-display":"","site-post-title":"","ast-breadcrumbs-content":"","ast-featured-img":"","footer-sml-layout":"","theme-transparent-header-meta":"","adv-header-id-meta":"","stick-header-meta":"","header-above-stick-meta":"","header-main-stick-meta":"","header-below-stick-meta":"","astra-migrate-meta-layouts":"default","ast-page-background-enabled":"default","ast-page-background-meta":{"desktop":{"background-color":"","background-image":"","background-repeat":"repeat","background-position":"center center","background-size":"auto","background-attachment":"scroll","background-type":"","background-media":"","overlay-type":"","overlay-color":"","overlay-opacity":"","overlay-gradient":""},"tablet":{"background-color":"","background-image":"","background-repeat":"repeat","background-position":"center center","background-size":"auto","background-attachment":"scroll","background-type":"","background-media":"","overlay-type":"","overlay-color":"","overlay-opacity":"","overlay-gradient":""},"mobile":{"background-color":"","background-image":"","background-repeat":"repeat","background-position":"center center","background-size":"auto","background-attachment":"scroll","background-type":"","background-media":"","overlay-type":"","overlay-color":"","overlay-opacity":"","overlay-gradient":""}},"ast-content-background-meta":{"desktop":{"background-color":"var(--ast-global-color-5)","background-image":"","background-repeat":"repeat","background-position":"center center","background-size":"auto","background-attachment":"scroll","background-type":"","background-media":"","overlay-type":"","overlay-color":"","overlay-opacity":"","overlay-gradient":""},"tablet":{"background-color":"var(--ast-global-color-5)","background-image":"","background-repeat":"repeat","background-position":"center center","background-size":"auto","background-attachment":"scroll","background-type":"","background-media":"","overlay-type":"","overlay-color":"","overlay-opacity":"","overlay-gradient":""},"mobile":{"background-color":"var(--ast-global-color-5)","background-image":"","background-repeat":"repeat","background-position":"center center","background-size":"auto","background-attachment":"scroll","background-type":"","background-media":"","overlay-type":"","overlay-color":"","overlay-opacity":"","overlay-gradient":""}},"iawp_total_views":7,"footnotes":""},"class_list":["post-4529","page","type-page","status-publish","hentry"],"_links":{"self":[{"href":"https:\/\/flamifeel.com\/index.php?rest_route=\/wp\/v2\/pages\/4529","targetHints":{"allow":["GET"]}}],"collection":[{"href":"https:\/\/flamifeel.com\/index.php?rest_route=\/wp\/v2\/pages"}],"about":[{"href":"https:\/\/flamifeel.com\/index.php?rest_route=\/wp\/v2\/types\/page"}],"author":[{"embeddable":true,"href":"https:\/\/flamifeel.com\/index.php?rest_route=\/wp\/v2\/users\/2"}],"replies":[{"embeddable":true,"href":"https:\/\/flamifeel.com\/index.php?rest_route=%2Fwp%2Fv2%2Fcomments&post=4529"}],"version-history":[{"count":0,"href":"https:\/\/flamifeel.com\/index.php?rest_route=\/wp\/v2\/pages\/4529\/revisions"}],"wp:attachment":[{"href":"https:\/\/flamifeel.com\/index.php?rest_route=%2Fwp%2Fv2%2Fmedia&parent=4529"}],"curies":[{"name":"wp","href":"https:\/\/api.w.org\/{rel}","templated":true}]}}