{"id":4531,"date":"2023-05-12T06:13:07","date_gmt":"2023-05-12T05:13:07","guid":{"rendered":"https:\/\/flamifeel.com\/?page_id=4531"},"modified":"2023-10-06T15:39:54","modified_gmt":"2023-10-06T14:39:54","slug":"mention-legales","status":"publish","type":"page","link":"https:\/\/flamifeel.com\/?page_id=4531","title":{"rendered":"Mention l\u00e9gales"},"content":{"rendered":"<p>Identification et publication<\/p>\n<p>Editeur<br \/>\nCe site www.flamifeel.com est publi\u00e9 par EI\u00a0:Mr El abrari-Jaouhari Sidi.M<br \/>\nMicro entreprise immatricul\u00e9e RC \u00e0 Perpignan sous le num\u00e9ro :80159138900029<br \/>\n1 place Victor schoelcher<br \/>\nD-52<br \/>\n66240 Saint Esteve<br \/>\nFrance<\/p>\n<p>Contact<br \/>\nNotre service de relations clients est joignable par E-mail \u00e0 l\u2019adresse : flamifeel@hotmail .com<\/p>\n<p>H\u00e9bergeur: LWS<br \/>\nRCS Epinal 851 993 683 &#8211;<br \/>\nAPE 6311Z &#8211; SIRET 85199368300016<br \/>\n2 rue jules ferry 88190 Golbey France<\/p>\n","protected":false},"excerpt":{"rendered":"<p>Identification et publication Editeur Ce site www.flamifeel.com est publi\u00e9 par EI\u00a0:Mr El abrari-Jaouhari Sidi.M Micro entreprise immatricul\u00e9e RC \u00e0 Perpignan sous le num\u00e9ro :80159138900029 1 place Victor schoelcher D-52 66240 Saint Esteve France Contact Notre service de relations clients est joignable par E-mail \u00e0 l\u2019adresse : flamifeel@hotmail .com H\u00e9bergeur: LWS RCS Epinal 851 993 683 [&hellip;]<\/p>\n","protected":false},"author":2,"featured_media":0,"parent":0,"menu_order":0,"comment_status":"closed","ping_status":"closed","template":"","meta":{"site-sidebar-layout":"default","site-content-layout":"page-builder","ast-site-content-layout":"default","site-content-style":"default","site-sidebar-style":"default","ast-global-header-display":"","ast-banner-title-visibility":"","ast-main-header-display":"","ast-hfb-above-header-display":"","ast-hfb-below-header-display":"","ast-hfb-mobile-header-display":"","site-post-title":"","ast-breadcrumbs-content":"","ast-featured-img":"","footer-sml-layout":"","theme-transparent-header-meta":"default","adv-header-id-meta":"","stick-header-meta":"","header-above-stick-meta":"","header-main-stick-meta":"","header-below-stick-meta":"","astra-migrate-meta-layouts":"set","ast-page-background-enabled":"default","ast-page-background-meta":{"desktop":{"background-color":"","background-image":"","background-repeat":"repeat","background-position":"center center","background-size":"auto","background-attachment":"scroll","background-type":"","background-media":"","overlay-type":"","overlay-color":"","overlay-opacity":"","overlay-gradient":""},"tablet":{"background-color":"","background-image":"","background-repeat":"repeat","background-position":"center center","background-size":"auto","background-attachment":"scroll","background-type":"","background-media":"","overlay-type":"","overlay-color":"","overlay-opacity":"","overlay-gradient":""},"mobile":{"background-color":"","background-image":"","background-repeat":"repeat","background-position":"center center","background-size":"auto","background-attachment":"scroll","background-type":"","background-media":"","overlay-type":"","overlay-color":"","overlay-opacity":"","overlay-gradient":""}},"ast-content-background-meta":{"desktop":{"background-color":"var(--ast-global-color-5)","background-image":"","background-repeat":"repeat","background-position":"center center","background-size":"auto","background-attachment":"scroll","background-type":"","background-media":"","overlay-type":"","overlay-color":"","overlay-opacity":"","overlay-gradient":""},"tablet":{"background-color":"var(--ast-global-color-5)","background-image":"","background-repeat":"repeat","background-position":"center center","background-size":"auto","background-attachment":"scroll","background-type":"","background-media":"","overlay-type":"","overlay-color":"","overlay-opacity":"","overlay-gradient":""},"mobile":{"background-color":"var(--ast-global-color-5)","background-image":"","background-repeat":"repeat","background-position":"center center","background-size":"auto","background-attachment":"scroll","background-type":"","background-media":"","overlay-type":"","overlay-color":"","overlay-opacity":"","overlay-gradient":""}},"iawp_total_views":15,"footnotes":""},"class_list":["post-4531","page","type-page","status-publish","hentry"],"_links":{"self":[{"href":"https:\/\/flamifeel.com\/index.php?rest_route=\/wp\/v2\/pages\/4531","targetHints":{"allow":["GET"]}}],"collection":[{"href":"https:\/\/flamifeel.com\/index.php?rest_route=\/wp\/v2\/pages"}],"about":[{"href":"https:\/\/flamifeel.com\/index.php?rest_route=\/wp\/v2\/types\/page"}],"author":[{"embeddable":true,"href":"https:\/\/flamifeel.com\/index.php?rest_route=\/wp\/v2\/users\/2"}],"replies":[{"embeddable":true,"href":"https:\/\/flamifeel.com\/index.php?rest_route=%2Fwp%2Fv2%2Fcomments&post=4531"}],"version-history":[{"count":0,"href":"https:\/\/flamifeel.com\/index.php?rest_route=\/wp\/v2\/pages\/4531\/revisions"}],"wp:attachment":[{"href":"https:\/\/flamifeel.com\/index.php?rest_route=%2Fwp%2Fv2%2Fmedia&parent=4531"}],"curies":[{"name":"wp","href":"https:\/\/api.w.org\/{rel}","templated":true}]}}