{"id":4561,"date":"2023-05-12T08:43:47","date_gmt":"2023-05-12T07:43:47","guid":{"rendered":"https:\/\/flamifeel.com\/?page_id=4561"},"modified":"2023-09-27T18:57:18","modified_gmt":"2023-09-27T17:57:18","slug":"politique-de-cookies-de-confidentialite","status":"publish","type":"page","link":"https:\/\/flamifeel.com\/?page_id=4561","title":{"rendered":"Politique de cookies de confidentialit\u00e9"},"content":{"rendered":"<p>&nbsp;<\/p>\n<p>&nbsp;<\/p>\n<p>\u2013Toutes les donn\u00e9es que vous confiez sur le site www.flamifeel.com le sont afin de pouvoir traiter vos commandes.<br \/>\nEn vertu de la loi n\u00b078-17 du 6 janvier 1978 relative \u00e0 l\u2019informatique, aux fichiers et aux libert\u00e9s, vous disposez aupr\u00e8s du vendeur d\u2019un droit de\u00a0rectification, de consultation ou de modification et de suppression des donn\u00e9es que vous nous avez communiqu\u00e9es. Ce droit peut \u00e9galement \u00eatre exerc\u00e9 en ligne.<br \/>\n-En poursuivant votre navigation sur www.flamifeel.com , vous devez accepter l\u2019utilisation et l\u2019\u00e9criture de Cookies sur votre appareil connect\u00e9. Ces Cookies (petits fichiers texte) permettent de suivre votre navigation, actualiser votre panier, vous reconna\u00eetre lors de votre prochaine visite et s\u00e9curiser votre connexion. Pour en savoir plus : http:\/\/www.cnil.fr<br \/>\n-Toutes les donn\u00e9es que vous confiez sur le site www.flamifeel.com le sont afin de pouvoir traiter vos commandes.<br \/>\nEn vertu de la loi n\u00b078-17 du 6 janvier 1978 relative \u00e0 l\u2019informatique, aux fichiers et aux libert\u00e9s, vous disposez aupr\u00e8s du vendeur d\u2019un droit de rectification, de consultation ou de modification et de suppression des donn\u00e9es que vous nous avez communiqu\u00e9es. Ce droit peut \u00e9galement \u00eatre exerc\u00e9 en ligne.<br \/>\n-En poursuivant votre navigation sur www.flamifeel.com , vous devez accepter l\u2019utilisation et l\u2019\u00e9criture de Cookies sur votre appareil connect\u00e9. Ces Cookies (petits fichiers texte) permettent de suivre votre navigation, actualiser votre panier, vous reconna\u00eetre lors de votre prochaine visite et s\u00e9curiser votre connexion. Pour en savoir plus : http:\/\/www.cnil.f<\/p>\n<p>La collecte des donn\u00e9es \u00e0 caract\u00e8re personnel pour les prestations propos\u00e9es par le site www.flamifeel.com<br \/>\nainsi que leur traitement sont effectu\u00e9s dans le respect de la loi \u00ab Informatique, Fichiers et Libert\u00e9s \u00bb du 6 janvier 1978 modifi\u00e9e et ses d\u00e9crets d\u2019application.<br \/>\nLa collecte des donn\u00e9es \u00e0 caract\u00e8re personnel concernant les utilisateurs du site www.flamifeel.com<br \/>\n\u00e0 pour finalit\u00e9s principales l\u2019identification des utilisateurs pour la fourniture des services et prestations propos\u00e9s sur le site.<br \/>\nLes donn\u00e9es r\u00e9colt\u00e9es ne sont jamais transmis \u00e0 des tiers sauf si le client a donn\u00e9 son consentement pr\u00e9alable et ce sous r\u00e9serve<br \/>\nque les tiers se soient clairement engag\u00e9s \u00e0 respecter toutes les dispositions de la Loi du 6 janvier 1978 modifi\u00e9e.<br \/>\nEn application de la loi, toute personne ayant transmis des donn\u00e9es \u00e0 caract\u00e8re personnel dispose d\u2019un droit d\u2019acc\u00e8s ;de rectification et de suppression des donn\u00e9es ainsi que d\u2019un droit d\u2019opposition au traitement des donn\u00e9es \u00e0 caract\u00e8re personnel la concernant.<br \/>\nA tout moment, vous pouvez demander \u00e0 exercer ce droit en contactant www.flamifeel.com<br \/>\nLes visiteurs du site sont inform\u00e9s que pour les besoins de la navigation sur le site www.flamifeel.com,<br \/>\npeut avoir recours \u00e0 la collecte automatique de certaines informations relatives aux utilisateurs \u00e0 l&#8217;aide des cookies.<br \/>\nSi l&#8217;utilisateur du site ne souhaite pas l\u2019utilisation de cookies par www.flamiffel.com, il peut refuser l\u2019activation des cookies par le biais des options propos\u00e9s par son navigateur internet.<br \/>\nPour des raisons techniques, si l&#8217;utilisateur d\u00e9sactive les cookies dans son navigateur, certaines prestations propos\u00e9es sur le site www.flamifeel.com pourront ne pas lui \u00eatre accessibles.<\/p>\n","protected":false},"excerpt":{"rendered":"<p>&nbsp; &nbsp; \u2013Toutes les donn\u00e9es que vous confiez sur le site www.flamifeel.com le sont afin de pouvoir traiter vos commandes. En vertu de la loi n\u00b078-17 du 6 janvier 1978 relative \u00e0 l\u2019informatique, aux fichiers et aux libert\u00e9s, vous disposez aupr\u00e8s du vendeur d\u2019un droit de\u00a0rectification, de consultation ou de modification et de suppression des [&hellip;]<\/p>\n","protected":false},"author":2,"featured_media":0,"parent":0,"menu_order":0,"comment_status":"closed","ping_status":"closed","template":"","meta":{"site-sidebar-layout":"default","site-content-layout":"page-builder","ast-site-content-layout":"default","site-content-style":"default","site-sidebar-style":"default","ast-global-header-display":"","ast-banner-title-visibility":"","ast-main-header-display":"","ast-hfb-above-header-display":"","ast-hfb-below-header-display":"","ast-hfb-mobile-header-display":"","site-post-title":"","ast-breadcrumbs-content":"","ast-featured-img":"","footer-sml-layout":"","theme-transparent-header-meta":"default","adv-header-id-meta":"","stick-header-meta":"","header-above-stick-meta":"","header-main-stick-meta":"","header-below-stick-meta":"","astra-migrate-meta-layouts":"set","ast-page-background-enabled":"default","ast-page-background-meta":{"desktop":{"background-color":"","background-image":"","background-repeat":"repeat","background-position":"center center","background-size":"auto","background-attachment":"scroll","background-type":"","background-media":"","overlay-type":"","overlay-color":"","overlay-opacity":"","overlay-gradient":""},"tablet":{"background-color":"","background-image":"","background-repeat":"repeat","background-position":"center center","background-size":"auto","background-attachment":"scroll","background-type":"","background-media":"","overlay-type":"","overlay-color":"","overlay-opacity":"","overlay-gradient":""},"mobile":{"background-color":"","background-image":"","background-repeat":"repeat","background-position":"center center","background-size":"auto","background-attachment":"scroll","background-type":"","background-media":"","overlay-type":"","overlay-color":"","overlay-opacity":"","overlay-gradient":""}},"ast-content-background-meta":{"desktop":{"background-color":"var(--ast-global-color-5)","background-image":"","background-repeat":"repeat","background-position":"center center","background-size":"auto","background-attachment":"scroll","background-type":"","background-media":"","overlay-type":"","overlay-color":"","overlay-opacity":"","overlay-gradient":""},"tablet":{"background-color":"var(--ast-global-color-5)","background-image":"","background-repeat":"repeat","background-position":"center center","background-size":"auto","background-attachment":"scroll","background-type":"","background-media":"","overlay-type":"","overlay-color":"","overlay-opacity":"","overlay-gradient":""},"mobile":{"background-color":"var(--ast-global-color-5)","background-image":"","background-repeat":"repeat","background-position":"center center","background-size":"auto","background-attachment":"scroll","background-type":"","background-media":"","overlay-type":"","overlay-color":"","overlay-opacity":"","overlay-gradient":""}},"iawp_total_views":13,"footnotes":""},"class_list":["post-4561","page","type-page","status-publish","hentry"],"_links":{"self":[{"href":"https:\/\/flamifeel.com\/index.php?rest_route=\/wp\/v2\/pages\/4561","targetHints":{"allow":["GET"]}}],"collection":[{"href":"https:\/\/flamifeel.com\/index.php?rest_route=\/wp\/v2\/pages"}],"about":[{"href":"https:\/\/flamifeel.com\/index.php?rest_route=\/wp\/v2\/types\/page"}],"author":[{"embeddable":true,"href":"https:\/\/flamifeel.com\/index.php?rest_route=\/wp\/v2\/users\/2"}],"replies":[{"embeddable":true,"href":"https:\/\/flamifeel.com\/index.php?rest_route=%2Fwp%2Fv2%2Fcomments&post=4561"}],"version-history":[{"count":0,"href":"https:\/\/flamifeel.com\/index.php?rest_route=\/wp\/v2\/pages\/4561\/revisions"}],"wp:attachment":[{"href":"https:\/\/flamifeel.com\/index.php?rest_route=%2Fwp%2Fv2%2Fmedia&parent=4561"}],"curies":[{"name":"wp","href":"https:\/\/api.w.org\/{rel}","templated":true}]}}