{"id":5833,"date":"2023-10-09T13:42:31","date_gmt":"2023-10-09T12:42:31","guid":{"rendered":"https:\/\/flamifeel.com\/?page_id=5833"},"modified":"2023-11-30T20:05:44","modified_gmt":"2023-11-30T19:05:44","slug":"livraison-et-retour","status":"publish","type":"page","link":"https:\/\/flamifeel.com\/?page_id=5833","title":{"rendered":"Livraison et retour"},"content":{"rendered":"<p><strong>Livraison<\/strong><\/p>\n<p>La livraison des produits interviendra, apr\u00e8s enregistrement du r\u00e8glement de la commande, \u00e0 l\u2019adresse de livraison indiqu\u00e9e par le CLIENT au cours de la passation de la commande .<br \/>\nUn courrier \u00e9lectronique sera adress\u00e9 au CLIENT pour l\u2019informer de l\u2019exp\u00e9dition de sa commande.<br \/>\nD\u00e9lai de livraison :<br \/>\nLes articles vendus sur notre site sont des articles en stock dans notre d\u00e9p\u00f4t en France .<br \/>\n\u2013 la livraison en France varie entre 2 \u00e0 7 jours selon le mode de livraison choisi.<br \/>\n\u2013 Pour les livraisons en Europe la livraison varie entre 3 \u00e0 10 jours selon le mode de livraison choisi.<br \/>\nLes frais de port sont calcul\u00e9s selon le mode de livraison retenu (domicile, point relais, bureau de poste\u2026), le poids du colis et lieu de destination.<br \/>\nIl peut \u00eatre plus long que pr\u00e9vu en raison d\u2019une adresse invalide, des proc\u00e9dures de d\u00e9douanement, de stock ou d\u2019autres raisons.<br \/>\nLes d\u00e9lais de livraison ne sont donn\u00e9s qu\u2019\u00e0 titre indicatif, et le temps d\u2019exp\u00e9dition est estim\u00e9 et commence \u00e0 partir de la date d\u2019exp\u00e9dition et non \u00e0 partir de la date d\u2019achat.<\/p>\n<p><strong>R\u00e9traction et retour<\/strong><\/p>\n<p>-Conform\u00e9ment aux dispositions de l\u2019article L 221-5 du Code de la consommation, l\u2019Acheteur dispose du droit de se r\u00e9tracter sans donner de motif, dans un d\u00e9lai de quatorze (14) jours \u00e0 la date de r\u00e9ception de sa commande. Le droit de r\u00e9tractation peut \u00eatre exerc\u00e9 en contactant le service client .<br \/>\n\u2013 Les articles doivent \u00eatre retourn\u00e9s dans les 14 jours suivant la r\u00e9ception de la commande (la date de r\u00e9ception de la commande sera v\u00e9rifi\u00e9e)<br \/>\n\u2013 Si l\u2019article pr\u00e9sente des d\u00e9fauts ou est d\u00e9fectueux. Dans ce cas, les frais de retour seront pris en charge par le vendeur.<br \/>\n\u2013 Une participation aux frais du retour de 2.90 euros sera automatiquement d\u00e9duite de votre remboursement pour la France, la Belgique ,l&#8217;Espagne et le Luxembourg . pour le reste du monde la participation est de 5.90 euros.<br \/>\n\u2013 V\u00e9rifiez et contr\u00f4lez le produit achet\u00e9 \u00e0 la r\u00e9ception et avant usage, s\u2019il pr\u00e9sente une anomalie, contactez nous imm\u00e9diatement.<br \/>\n&#8211; L\u2019article doit \u00eatre dans un \u00e9tat neuf, non usag\u00e9, complet et dans son emballage d\u2019origine.<br \/>\n\u2013 Dans le cas o\u00f9 un article nous serait retourn\u00e9 dans un \u00e9tat inappropri\u00e9, nous devrons le refuser et nous vous le renverrions.<\/p>\n<p>&nbsp;<\/p>\n<p>&nbsp;<\/p>\n","protected":false},"excerpt":{"rendered":"<p>Livraison La livraison des produits interviendra, apr\u00e8s enregistrement du r\u00e8glement de la commande, \u00e0 l\u2019adresse de livraison indiqu\u00e9e par le CLIENT au cours de la passation de la commande . Un courrier \u00e9lectronique sera adress\u00e9 au CLIENT pour l\u2019informer de l\u2019exp\u00e9dition de sa commande. D\u00e9lai de livraison : Les articles vendus sur notre site sont [&hellip;]<\/p>\n","protected":false},"author":2,"featured_media":0,"parent":0,"menu_order":0,"comment_status":"closed","ping_status":"closed","template":"","meta":{"site-sidebar-layout":"default","site-content-layout":"","ast-site-content-layout":"default","site-content-style":"default","site-sidebar-style":"default","ast-global-header-display":"","ast-banner-title-visibility":"","ast-main-header-display":"","ast-hfb-above-header-display":"","ast-hfb-below-header-display":"","ast-hfb-mobile-header-display":"","site-post-title":"","ast-breadcrumbs-content":"","ast-featured-img":"","footer-sml-layout":"","theme-transparent-header-meta":"default","adv-header-id-meta":"","stick-header-meta":"","header-above-stick-meta":"","header-main-stick-meta":"","header-below-stick-meta":"","astra-migrate-meta-layouts":"set","ast-page-background-enabled":"default","ast-page-background-meta":{"desktop":{"background-color":"","background-image":"","background-repeat":"repeat","background-position":"center center","background-size":"auto","background-attachment":"scroll","background-type":"","background-media":"","overlay-type":"","overlay-color":"","overlay-opacity":"","overlay-gradient":""},"tablet":{"background-color":"","background-image":"","background-repeat":"repeat","background-position":"center center","background-size":"auto","background-attachment":"scroll","background-type":"","background-media":"","overlay-type":"","overlay-color":"","overlay-opacity":"","overlay-gradient":""},"mobile":{"background-color":"","background-image":"","background-repeat":"repeat","background-position":"center center","background-size":"auto","background-attachment":"scroll","background-type":"","background-media":"","overlay-type":"","overlay-color":"","overlay-opacity":"","overlay-gradient":""}},"ast-content-background-meta":{"desktop":{"background-color":"var(--ast-global-color-5)","background-image":"","background-repeat":"repeat","background-position":"center center","background-size":"auto","background-attachment":"scroll","background-type":"","background-media":"","overlay-type":"","overlay-color":"","overlay-opacity":"","overlay-gradient":""},"tablet":{"background-color":"var(--ast-global-color-5)","background-image":"","background-repeat":"repeat","background-position":"center center","background-size":"auto","background-attachment":"scroll","background-type":"","background-media":"","overlay-type":"","overlay-color":"","overlay-opacity":"","overlay-gradient":""},"mobile":{"background-color":"var(--ast-global-color-5)","background-image":"","background-repeat":"repeat","background-position":"center center","background-size":"auto","background-attachment":"scroll","background-type":"","background-media":"","overlay-type":"","overlay-color":"","overlay-opacity":"","overlay-gradient":""}},"iawp_total_views":20,"footnotes":""},"class_list":["post-5833","page","type-page","status-publish","hentry"],"_links":{"self":[{"href":"https:\/\/flamifeel.com\/index.php?rest_route=\/wp\/v2\/pages\/5833","targetHints":{"allow":["GET"]}}],"collection":[{"href":"https:\/\/flamifeel.com\/index.php?rest_route=\/wp\/v2\/pages"}],"about":[{"href":"https:\/\/flamifeel.com\/index.php?rest_route=\/wp\/v2\/types\/page"}],"author":[{"embeddable":true,"href":"https:\/\/flamifeel.com\/index.php?rest_route=\/wp\/v2\/users\/2"}],"replies":[{"embeddable":true,"href":"https:\/\/flamifeel.com\/index.php?rest_route=%2Fwp%2Fv2%2Fcomments&post=5833"}],"version-history":[{"count":0,"href":"https:\/\/flamifeel.com\/index.php?rest_route=\/wp\/v2\/pages\/5833\/revisions"}],"wp:attachment":[{"href":"https:\/\/flamifeel.com\/index.php?rest_route=%2Fwp%2Fv2%2Fmedia&parent=5833"}],"curies":[{"name":"wp","href":"https:\/\/api.w.org\/{rel}","templated":true}]}}