{"id":4678,"date":"2023-05-17T06:18:16","date_gmt":"2023-05-17T05:18:16","guid":{"rendered":"https:\/\/flamifeel.com\/?post_type=product&#038;p=4678"},"modified":"2025-11-20T16:51:20","modified_gmt":"2025-11-20T15:51:20","slug":"jupe-flamenco-noir","status":"publish","type":"product","link":"https:\/\/flamifeel.com\/?product=jupe-flamenco-noir","title":{"rendered":"Jupe  noire 2 volants"},"content":{"rendered":"<p>Jupe femme de flamenco \u00e0 2 volants.<br \/>\nJupe flamenca Id\u00e9al pour les cours de flamenco ou s\u00e9villane.<br \/>\nLa ceinture est \u00e9lastique pour que la jupe s&#8217;adapte parfaitement.<br \/>\nTissu tr\u00e8s l\u00e9ger: polyester.<\/p>\n","protected":false},"excerpt":{"rendered":"<p>Jupe femme de flamenco \u00e0 2 volants. Jupe flamenca Id\u00e9al pour les cours de flamenco ou s\u00e9villane. La ceinture est \u00e9lastique pour que la jupe s&#8217;adapte parfaitement. Tissu tr\u00e8s l\u00e9ger: polyester.<\/p>\n","protected":false},"featured_media":5258,"comment_status":"open","ping_status":"closed","template":"","meta":{"site-sidebar-layout":"default","site-content-layout":"default","ast-site-content-layout":"default","site-content-style":"default","site-sidebar-style":"default","ast-global-header-display":"","ast-banner-title-visibility":"","ast-main-header-display":"","ast-hfb-above-header-display":"","ast-hfb-below-header-display":"","ast-hfb-mobile-header-display":"","site-post-title":"","ast-breadcrumbs-content":"","ast-featured-img":"","footer-sml-layout":"","theme-transparent-header-meta":"default","adv-header-id-meta":"","stick-header-meta":"","header-above-stick-meta":"","header-main-stick-meta":"","header-below-stick-meta":"","astra-migrate-meta-layouts":"set","ast-page-background-enabled":"default","ast-page-background-meta":{"desktop":{"background-color":"","background-image":"","background-repeat":"repeat","background-position":"center center","background-size":"auto","background-attachment":"scroll","background-type":"","background-media":"","overlay-type":"","overlay-color":"","overlay-opacity":"","overlay-gradient":""},"tablet":{"background-color":"","background-image":"","background-repeat":"repeat","background-position":"center center","background-size":"auto","background-attachment":"scroll","background-type":"","background-media":"","overlay-type":"","overlay-color":"","overlay-opacity":"","overlay-gradient":""},"mobile":{"background-color":"","background-image":"","background-repeat":"repeat","background-position":"center center","background-size":"auto","background-attachment":"scroll","background-type":"","background-media":"","overlay-type":"","overlay-color":"","overlay-opacity":"","overlay-gradient":""}},"ast-content-background-meta":{"desktop":{"background-color":"var(--ast-global-color-5)","background-image":"","background-repeat":"repeat","background-position":"center center","background-size":"auto","background-attachment":"scroll","background-type":"","background-media":"","overlay-type":"","overlay-color":"","overlay-opacity":"","overlay-gradient":""},"tablet":{"background-color":"var(--ast-global-color-5)","background-image":"","background-repeat":"repeat","background-position":"center center","background-size":"auto","background-attachment":"scroll","background-type":"","background-media":"","overlay-type":"","overlay-color":"","overlay-opacity":"","overlay-gradient":""},"mobile":{"background-color":"var(--ast-global-color-5)","background-image":"","background-repeat":"repeat","background-position":"center center","background-size":"auto","background-attachment":"scroll","background-type":"","background-media":"","overlay-type":"","overlay-color":"","overlay-opacity":"","overlay-gradient":""}},"iawp_total_views":86},"product_brand":[],"product_cat":[59,61],"product_tag":[],"class_list":{"0":"post-4678","1":"product","2":"type-product","3":"status-publish","4":"has-post-thumbnail","6":"product_cat-femme","7":"product_cat-jupe","8":"desktop-align-left","9":"tablet-align-left","10":"mobile-align-left","12":"first","13":"instock","14":"taxable","15":"shipping-taxable","16":"purchasable","17":"product-type-variable"},"_links":{"self":[{"href":"https:\/\/flamifeel.com\/index.php?rest_route=\/wp\/v2\/product\/4678","targetHints":{"allow":["GET"]}}],"collection":[{"href":"https:\/\/flamifeel.com\/index.php?rest_route=\/wp\/v2\/product"}],"about":[{"href":"https:\/\/flamifeel.com\/index.php?rest_route=\/wp\/v2\/types\/product"}],"replies":[{"embeddable":true,"href":"https:\/\/flamifeel.com\/index.php?rest_route=%2Fwp%2Fv2%2Fcomments&post=4678"}],"version-history":[{"count":0,"href":"https:\/\/flamifeel.com\/index.php?rest_route=\/wp\/v2\/product\/4678\/revisions"}],"wp:featuredmedia":[{"embeddable":true,"href":"https:\/\/flamifeel.com\/index.php?rest_route=\/wp\/v2\/media\/5258"}],"wp:attachment":[{"href":"https:\/\/flamifeel.com\/index.php?rest_route=%2Fwp%2Fv2%2Fmedia&parent=4678"}],"wp:term":[{"taxonomy":"product_brand","embeddable":true,"href":"https:\/\/flamifeel.com\/index.php?rest_route=%2Fwp%2Fv2%2Fproduct_brand&post=4678"},{"taxonomy":"product_cat","embeddable":true,"href":"https:\/\/flamifeel.com\/index.php?rest_route=%2Fwp%2Fv2%2Fproduct_cat&post=4678"},{"taxonomy":"product_tag","embeddable":true,"href":"https:\/\/flamifeel.com\/index.php?rest_route=%2Fwp%2Fv2%2Fproduct_tag&post=4678"}],"curies":[{"name":"wp","href":"https:\/\/api.w.org\/{rel}","templated":true}]}}