{"id":4712,"date":"2023-05-17T07:21:31","date_gmt":"2023-05-17T06:21:31","guid":{"rendered":"https:\/\/flamifeel.com\/?post_type=product&#038;p=4712"},"modified":"2024-09-22T16:50:07","modified_gmt":"2024-09-22T15:50:07","slug":"body-rouge-femme","status":"publish","type":"product","link":"https:\/\/flamifeel.com\/?product=body-rouge-femme","title":{"rendered":"Body rouge femme"},"content":{"rendered":"<p>Body fille rouge pour flamenco et danse .<br \/>\nManche 3\/4 avec volant.<br \/>\nId\u00e9al pour les r\u00e9p\u00e9titions et la sc\u00e8ne.<br \/>\n82% Nylon 18% spandex.<\/p>\n","protected":false},"excerpt":{"rendered":"<p>Body fille rouge pour flamenco et danse . Manche 3\/4 avec volant. Id\u00e9al pour les r\u00e9p\u00e9titions et la sc\u00e8ne. 82% Nylon 18% spandex.<\/p>\n","protected":false},"featured_media":5878,"comment_status":"open","ping_status":"closed","template":"","meta":{"site-sidebar-layout":"default","site-content-layout":"default","ast-site-content-layout":"default","site-content-style":"default","site-sidebar-style":"default","ast-global-header-display":"","ast-banner-title-visibility":"","ast-main-header-display":"","ast-hfb-above-header-display":"","ast-hfb-below-header-display":"","ast-hfb-mobile-header-display":"","site-post-title":"","ast-breadcrumbs-content":"","ast-featured-img":"","footer-sml-layout":"","theme-transparent-header-meta":"default","adv-header-id-meta":"","stick-header-meta":"","header-above-stick-meta":"","header-main-stick-meta":"","header-below-stick-meta":"","astra-migrate-meta-layouts":"set","ast-page-background-enabled":"default","ast-page-background-meta":{"desktop":{"background-color":"","background-image":"","background-repeat":"repeat","background-position":"center center","background-size":"auto","background-attachment":"scroll","background-type":"","background-media":"","overlay-type":"","overlay-color":"","overlay-opacity":"","overlay-gradient":""},"tablet":{"background-color":"","background-image":"","background-repeat":"repeat","background-position":"center center","background-size":"auto","background-attachment":"scroll","background-type":"","background-media":"","overlay-type":"","overlay-color":"","overlay-opacity":"","overlay-gradient":""},"mobile":{"background-color":"","background-image":"","background-repeat":"repeat","background-position":"center center","background-size":"auto","background-attachment":"scroll","background-type":"","background-media":"","overlay-type":"","overlay-color":"","overlay-opacity":"","overlay-gradient":""}},"ast-content-background-meta":{"desktop":{"background-color":"var(--ast-global-color-5)","background-image":"","background-repeat":"repeat","background-position":"center center","background-size":"auto","background-attachment":"scroll","background-type":"","background-media":"","overlay-type":"","overlay-color":"","overlay-opacity":"","overlay-gradient":""},"tablet":{"background-color":"var(--ast-global-color-5)","background-image":"","background-repeat":"repeat","background-position":"center center","background-size":"auto","background-attachment":"scroll","background-type":"","background-media":"","overlay-type":"","overlay-color":"","overlay-opacity":"","overlay-gradient":""},"mobile":{"background-color":"var(--ast-global-color-5)","background-image":"","background-repeat":"repeat","background-position":"center center","background-size":"auto","background-attachment":"scroll","background-type":"","background-media":"","overlay-type":"","overlay-color":"","overlay-opacity":"","overlay-gradient":""}},"iawp_total_views":29},"product_brand":[],"product_cat":[89,59],"product_tag":[],"class_list":{"0":"post-4712","1":"product","2":"type-product","3":"status-publish","4":"has-post-thumbnail","6":"product_cat-body-femme","7":"product_cat-femme","8":"desktop-align-left","9":"tablet-align-left","10":"mobile-align-left","12":"first","13":"instock","14":"taxable","15":"shipping-taxable","16":"purchasable","17":"product-type-variable"},"_links":{"self":[{"href":"https:\/\/flamifeel.com\/index.php?rest_route=\/wp\/v2\/product\/4712","targetHints":{"allow":["GET"]}}],"collection":[{"href":"https:\/\/flamifeel.com\/index.php?rest_route=\/wp\/v2\/product"}],"about":[{"href":"https:\/\/flamifeel.com\/index.php?rest_route=\/wp\/v2\/types\/product"}],"replies":[{"embeddable":true,"href":"https:\/\/flamifeel.com\/index.php?rest_route=%2Fwp%2Fv2%2Fcomments&post=4712"}],"version-history":[{"count":0,"href":"https:\/\/flamifeel.com\/index.php?rest_route=\/wp\/v2\/product\/4712\/revisions"}],"wp:featuredmedia":[{"embeddable":true,"href":"https:\/\/flamifeel.com\/index.php?rest_route=\/wp\/v2\/media\/5878"}],"wp:attachment":[{"href":"https:\/\/flamifeel.com\/index.php?rest_route=%2Fwp%2Fv2%2Fmedia&parent=4712"}],"wp:term":[{"taxonomy":"product_brand","embeddable":true,"href":"https:\/\/flamifeel.com\/index.php?rest_route=%2Fwp%2Fv2%2Fproduct_brand&post=4712"},{"taxonomy":"product_cat","embeddable":true,"href":"https:\/\/flamifeel.com\/index.php?rest_route=%2Fwp%2Fv2%2Fproduct_cat&post=4712"},{"taxonomy":"product_tag","embeddable":true,"href":"https:\/\/flamifeel.com\/index.php?rest_route=%2Fwp%2Fv2%2Fproduct_tag&post=4712"}],"curies":[{"name":"wp","href":"https:\/\/api.w.org\/{rel}","templated":true}]}}