{"id":6177,"date":"2024-07-26T07:56:09","date_gmt":"2024-07-26T06:56:09","guid":{"rendered":"https:\/\/flamifeel.com\/?post_type=product&#038;p=6177"},"modified":"2025-12-05T06:47:23","modified_gmt":"2025-12-05T05:47:23","slug":"chale-brode-grand-taille-5","status":"publish","type":"product","link":"https:\/\/flamifeel.com\/?product=chale-brode-grand-taille-5","title":{"rendered":"Ch\u00e2le brod\u00e9 grand taille"},"content":{"rendered":"<p>-Ch\u00e2le brod\u00e9 sur la forme du pic<\/p>\n<p>-Largeur :200cm Hauteur :135 cm frange: 20 cm<\/p>\n<p>-100% polyester.<\/p>\n","protected":false},"excerpt":{"rendered":"<p>-Ch\u00e2le brod\u00e9 sur la forme du pic -Largeur :200cm Hauteur :135 cm frange: 20 cm -100% polyester.<\/p>\n","protected":false},"featured_media":6216,"comment_status":"open","ping_status":"closed","template":"","meta":{"site-sidebar-layout":"default","site-content-layout":"","ast-site-content-layout":"default","site-content-style":"default","site-sidebar-style":"default","ast-global-header-display":"","ast-banner-title-visibility":"","ast-main-header-display":"","ast-hfb-above-header-display":"","ast-hfb-below-header-display":"","ast-hfb-mobile-header-display":"","site-post-title":"","ast-breadcrumbs-content":"","ast-featured-img":"","footer-sml-layout":"","theme-transparent-header-meta":"default","adv-header-id-meta":"","stick-header-meta":"","header-above-stick-meta":"","header-main-stick-meta":"","header-below-stick-meta":"","astra-migrate-meta-layouts":"set","ast-page-background-enabled":"default","ast-page-background-meta":{"desktop":{"background-color":"","background-image":"","background-repeat":"repeat","background-position":"center center","background-size":"auto","background-attachment":"scroll","background-type":"","background-media":"","overlay-type":"","overlay-color":"","overlay-opacity":"","overlay-gradient":""},"tablet":{"background-color":"","background-image":"","background-repeat":"repeat","background-position":"center center","background-size":"auto","background-attachment":"scroll","background-type":"","background-media":"","overlay-type":"","overlay-color":"","overlay-opacity":"","overlay-gradient":""},"mobile":{"background-color":"","background-image":"","background-repeat":"repeat","background-position":"center center","background-size":"auto","background-attachment":"scroll","background-type":"","background-media":"","overlay-type":"","overlay-color":"","overlay-opacity":"","overlay-gradient":""}},"ast-content-background-meta":{"desktop":{"background-color":"var(--ast-global-color-5)","background-image":"","background-repeat":"repeat","background-position":"center center","background-size":"auto","background-attachment":"scroll","background-type":"","background-media":"","overlay-type":"","overlay-color":"","overlay-opacity":"","overlay-gradient":""},"tablet":{"background-color":"var(--ast-global-color-5)","background-image":"","background-repeat":"repeat","background-position":"center center","background-size":"auto","background-attachment":"scroll","background-type":"","background-media":"","overlay-type":"","overlay-color":"","overlay-opacity":"","overlay-gradient":""},"mobile":{"background-color":"var(--ast-global-color-5)","background-image":"","background-repeat":"repeat","background-position":"center center","background-size":"auto","background-attachment":"scroll","background-type":"","background-media":"","overlay-type":"","overlay-color":"","overlay-opacity":"","overlay-gradient":""}},"iawp_total_views":30},"product_brand":[],"product_cat":[82],"product_tag":[],"class_list":{"0":"post-6177","1":"product","2":"type-product","3":"status-publish","4":"has-post-thumbnail","6":"product_cat-accessoires","7":"desktop-align-left","8":"tablet-align-left","9":"mobile-align-left","11":"first","12":"outofstock","13":"taxable","14":"shipping-taxable","15":"purchasable","16":"product-type-simple"},"_links":{"self":[{"href":"https:\/\/flamifeel.com\/index.php?rest_route=\/wp\/v2\/product\/6177","targetHints":{"allow":["GET"]}}],"collection":[{"href":"https:\/\/flamifeel.com\/index.php?rest_route=\/wp\/v2\/product"}],"about":[{"href":"https:\/\/flamifeel.com\/index.php?rest_route=\/wp\/v2\/types\/product"}],"replies":[{"embeddable":true,"href":"https:\/\/flamifeel.com\/index.php?rest_route=%2Fwp%2Fv2%2Fcomments&post=6177"}],"version-history":[{"count":1,"href":"https:\/\/flamifeel.com\/index.php?rest_route=\/wp\/v2\/product\/6177\/revisions"}],"predecessor-version":[{"id":6398,"href":"https:\/\/flamifeel.com\/index.php?rest_route=\/wp\/v2\/product\/6177\/revisions\/6398"}],"wp:featuredmedia":[{"embeddable":true,"href":"https:\/\/flamifeel.com\/index.php?rest_route=\/wp\/v2\/media\/6216"}],"wp:attachment":[{"href":"https:\/\/flamifeel.com\/index.php?rest_route=%2Fwp%2Fv2%2Fmedia&parent=6177"}],"wp:term":[{"taxonomy":"product_brand","embeddable":true,"href":"https:\/\/flamifeel.com\/index.php?rest_route=%2Fwp%2Fv2%2Fproduct_brand&post=6177"},{"taxonomy":"product_cat","embeddable":true,"href":"https:\/\/flamifeel.com\/index.php?rest_route=%2Fwp%2Fv2%2Fproduct_cat&post=6177"},{"taxonomy":"product_tag","embeddable":true,"href":"https:\/\/flamifeel.com\/index.php?rest_route=%2Fwp%2Fv2%2Fproduct_tag&post=6177"}],"curies":[{"name":"wp","href":"https:\/\/api.w.org\/{rel}","templated":true}]}}